{"id":15,"date":"2025-10-16T01:30:42","date_gmt":"2025-10-16T07:30:42","guid":{"rendered":"https:\/\/test.gruposimex.mx\/?page_id=15"},"modified":"2025-11-05T19:32:28","modified_gmt":"2025-11-06T01:32:28","slug":"portada","status":"publish","type":"page","link":"https:\/\/www.smex.mx\/","title":{"rendered":"Portada"},"content":{"rendered":"","protected":false},"excerpt":{"rendered":"<p>Empresa de servicios l\u00edder en M\u00e9xico con m\u00e1s de 23 a\u00f1os de trayectoria ofreciendo soluciones confiables, innovadoras y de alcance nacional.<\/p>\n","protected":false},"author":2,"featured_media":175,"parent":0,"menu_order":0,"comment_status":"closed","ping_status":"closed","template":"","meta":{"content-type":"","footnotes":""},"class_list":["post-15","page","type-page","status-publish","has-post-thumbnail","hentry"],"_links":{"self":[{"href":"https:\/\/www.smex.mx\/index.php\/wp-json\/wp\/v2\/pages\/15","targetHints":{"allow":["GET"]}}],"collection":[{"href":"https:\/\/www.smex.mx\/index.php\/wp-json\/wp\/v2\/pages"}],"about":[{"href":"https:\/\/www.smex.mx\/index.php\/wp-json\/wp\/v2\/types\/page"}],"author":[{"embeddable":true,"href":"https:\/\/www.smex.mx\/index.php\/wp-json\/wp\/v2\/users\/2"}],"replies":[{"embeddable":true,"href":"https:\/\/www.smex.mx\/index.php\/wp-json\/wp\/v2\/comments?post=15"}],"version-history":[{"count":59,"href":"https:\/\/www.smex.mx\/index.php\/wp-json\/wp\/v2\/pages\/15\/revisions"}],"predecessor-version":[{"id":191,"href":"https:\/\/www.smex.mx\/index.php\/wp-json\/wp\/v2\/pages\/15\/revisions\/191"}],"wp:featuredmedia":[{"embeddable":true,"href":"https:\/\/www.smex.mx\/index.php\/wp-json\/wp\/v2\/media\/175"}],"wp:attachment":[{"href":"https:\/\/www.smex.mx\/index.php\/wp-json\/wp\/v2\/media?parent=15"}],"curies":[{"name":"wp","href":"https:\/\/api.w.org\/{rel}","templated":true}]}}